{"id":6291,"date":"2021-12-17T19:40:12","date_gmt":"2021-12-17T19:40:12","guid":{"rendered":"https:\/\/linobrewing.com\/?page_id=6291"},"modified":"2021-12-20T20:59:01","modified_gmt":"2021-12-20T20:59:01","slug":"licor-coreano-soju","status":"publish","type":"page","link":"https:\/\/linobrewing.com\/en\/licor-coreano-soju\/","title":{"rendered":"Licor Coreano SOJU"},"content":{"rendered":"<div data-elementor-type=\"wp-page\" data-elementor-id=\"6291\" class=\"elementor elementor-6291\">\n\t\t\t\t\t\t<div class=\"elementor-inner\">\n\t\t\t\t<div class=\"elementor-section-wrap\">\n\t\t\t\t\t\t\t\t\t<section class=\"elementor-section elementor-top-section elementor-element elementor-element-9133fca elementor-section-boxed elementor-section-height-default elementor-section-height-default sc_fly_static\" data-id=\"9133fca\" data-element_type=\"section\">\n\t\t\t\t\t\t<div class=\"elementor-container elementor-column-gap-extended\">\n\t\t\t\t\t\t\t<div class=\"elementor-row\">\n\t\t\t\t\t<div class=\"elementor-column elementor-col-100 elementor-top-column elementor-element elementor-element-ba6595c sc_inner_width_none sc_content_align_inherit sc_layouts_column_icons_position_left sc_fly_static\" data-id=\"ba6595c\" data-element_type=\"column\">\n\t\t\t<div class=\"elementor-column-wrap elementor-element-populated\">\n\t\t\t\t\t\t\t<div class=\"elementor-widget-wrap\">\n\t\t\t\t\t\t<div class=\"elementor-element elementor-element-26a7061 sc_height_large animation_type_block sc_fly_static elementor-widget elementor-widget-spacer\" data-id=\"26a7061\" data-element_type=\"widget\" data-widget_type=\"spacer.default\">\n\t\t\t\t<div class=\"elementor-widget-container\">\n\t\t\t\t\t<div class=\"elementor-spacer\">\n\t\t\t<div class=\"elementor-spacer-inner\"><\/div>\n\t\t<\/div>\n\t\t\t\t<\/div>\n\t\t\t\t<\/div>\n\t\t\t\t<div class=\"elementor-element elementor-element-b4e6dc5 animation_type_block sc_fly_static elementor-widget elementor-widget-heading\" data-id=\"b4e6dc5\" data-element_type=\"widget\" data-widget_type=\"heading.default\">\n\t\t\t\t<div class=\"elementor-widget-container\">\n\t\t\t<h2 class=\"elementor-heading-title elementor-size-default\">Korean liquor<\/h2>\t\t<\/div>\n\t\t\t\t<\/div>\n\t\t\t\t<div class=\"elementor-element elementor-element-b00de24 animation_type_block sc_fly_static elementor-widget elementor-widget-heading\" data-id=\"b00de24\" data-element_type=\"widget\" data-widget_type=\"heading.default\">\n\t\t\t\t<div class=\"elementor-widget-container\">\n\t\t\t<h2 class=\"elementor-heading-title elementor-size-default\">SOJU Chamisul<\/h2>\t\t<\/div>\n\t\t\t\t<\/div>\n\t\t\t\t\t\t<\/div>\n\t\t\t\t\t<\/div>\n\t\t<\/div>\n\t\t\t\t\t\t\t\t<\/div>\n\t\t\t\t\t<\/div>\n\t\t<\/section>\n\t\t\t\t<section class=\"elementor-section elementor-top-section elementor-element elementor-element-240d756 elementor-section-boxed elementor-section-height-default elementor-section-height-default sc_fly_static\" data-id=\"240d756\" data-element_type=\"section\">\n\t\t\t\t\t\t<div class=\"elementor-container elementor-column-gap-extended\">\n\t\t\t\t\t\t\t<div class=\"elementor-row\">\n\t\t\t\t\t<div class=\"elementor-column elementor-col-100 elementor-top-column elementor-element elementor-element-f51327b sc_inner_width_none sc_content_align_inherit sc_layouts_column_icons_position_left sc_fly_static\" data-id=\"f51327b\" data-element_type=\"column\">\n\t\t\t<div class=\"elementor-column-wrap\">\n\t\t\t\t\t\t\t<div class=\"elementor-widget-wrap\">\n\t\t\t\t\t\t\t\t<\/div>\n\t\t\t\t\t<\/div>\n\t\t<\/div>\n\t\t\t\t\t\t\t\t<\/div>\n\t\t\t\t\t<\/div>\n\t\t<\/section>\n\t\t\t\t<section class=\"elementor-section elementor-top-section elementor-element elementor-element-cc47186 elementor-section-boxed elementor-section-height-default elementor-section-height-default sc_fly_static\" data-id=\"cc47186\" data-element_type=\"section\">\n\t\t\t\t\t\t<div class=\"elementor-container elementor-column-gap-extended\">\n\t\t\t\t\t\t\t<div class=\"elementor-row\">\n\t\t\t\t\t<div class=\"elementor-column elementor-col-50 elementor-top-column elementor-element elementor-element-e4cc234 sc_inner_width_none sc_content_align_inherit sc_layouts_column_icons_position_left sc_fly_static\" data-id=\"e4cc234\" data-element_type=\"column\">\n\t\t\t<div class=\"elementor-column-wrap elementor-element-populated\">\n\t\t\t\t\t\t\t<div class=\"elementor-widget-wrap\">\n\t\t\t\t\t\t<div class=\"elementor-element elementor-element-f67ae9b animation_type_block sc_fly_static elementor-widget elementor-widget-spacer\" data-id=\"f67ae9b\" data-element_type=\"widget\" data-widget_type=\"spacer.default\">\n\t\t\t\t<div class=\"elementor-widget-container\">\n\t\t\t\t\t<div class=\"elementor-spacer\">\n\t\t\t<div class=\"elementor-spacer-inner\"><\/div>\n\t\t<\/div>\n\t\t\t\t<\/div>\n\t\t\t\t<\/div>\n\t\t\t\t<div class=\"elementor-element elementor-element-3e7e125 animation_type_block sc_fly_static elementor-widget elementor-widget-spacer\" data-id=\"3e7e125\" data-element_type=\"widget\" data-widget_type=\"spacer.default\">\n\t\t\t\t<div class=\"elementor-widget-container\">\n\t\t\t\t\t<div class=\"elementor-spacer\">\n\t\t\t<div class=\"elementor-spacer-inner\"><\/div>\n\t\t<\/div>\n\t\t\t\t<\/div>\n\t\t\t\t<\/div>\n\t\t\t\t<div class=\"elementor-element elementor-element-b8fdb0e animation_type_block sc_fly_static elementor-invisible elementor-widget elementor-widget-image\" data-id=\"b8fdb0e\" data-element_type=\"widget\" data-settings=\"{&quot;_animation&quot;:&quot;pubzinne-blur&quot;}\" data-widget_type=\"image.default\">\n\t\t\t\t<div class=\"elementor-widget-container\">\n\t\t\t\t\t\t\t\t<div class=\"elementor-image\">\n\t\t\t\t\t\t\t\t\t\t\t\t<img decoding=\"async\" src=\"https:\/\/linobrewing.com\/wp-content\/uploads\/elementor\/thumbs\/2-removebg-preview-phezgmbencb18zmytgag587b5v7vcb1b74ohipu7c0.png\" title=\"2-removebg-preview\" alt=\"2-removebg-preview\" \/>\t\t\t\t\t\t\t\t\t\t\t\t\t\t<\/div>\n\t\t\t\t\t\t<\/div>\n\t\t\t\t<\/div>\n\t\t\t\t<div class=\"elementor-element elementor-element-f7901ce animation_type_block sc_fly_static elementor-widget elementor-widget-spacer\" data-id=\"f7901ce\" data-element_type=\"widget\" data-widget_type=\"spacer.default\">\n\t\t\t\t<div class=\"elementor-widget-container\">\n\t\t\t\t\t<div class=\"elementor-spacer\">\n\t\t\t<div class=\"elementor-spacer-inner\"><\/div>\n\t\t<\/div>\n\t\t\t\t<\/div>\n\t\t\t\t<\/div>\n\t\t\t\t\t\t<\/div>\n\t\t\t\t\t<\/div>\n\t\t<\/div>\n\t\t\t\t<div class=\"elementor-column elementor-col-50 elementor-top-column elementor-element elementor-element-4554f81 sc_inner_width_none sc_content_align_inherit sc_layouts_column_icons_position_left sc_fly_static\" data-id=\"4554f81\" data-element_type=\"column\">\n\t\t\t<div class=\"elementor-column-wrap elementor-element-populated\">\n\t\t\t\t\t\t\t<div class=\"elementor-widget-wrap\">\n\t\t\t\t\t\t<div class=\"elementor-element elementor-element-0e764d7 animation_type_block sc_fly_static elementor-widget elementor-widget-heading\" data-id=\"0e764d7\" data-element_type=\"widget\" data-widget_type=\"heading.default\">\n\t\t\t\t<div class=\"elementor-widget-container\">\n\t\t\t<h3 class=\"elementor-heading-title elementor-size-default\">Description<\/h3>\t\t<\/div>\n\t\t\t\t<\/div>\n\t\t\t\t<div class=\"elementor-element elementor-element-ab5625c animation_type_block sc_fly_static elementor-widget elementor-widget-spacer\" data-id=\"ab5625c\" data-element_type=\"widget\" data-widget_type=\"spacer.default\">\n\t\t\t\t<div class=\"elementor-widget-container\">\n\t\t\t\t\t<div class=\"elementor-spacer\">\n\t\t\t<div class=\"elementor-spacer-inner\"><\/div>\n\t\t<\/div>\n\t\t\t\t<\/div>\n\t\t\t\t<\/div>\n\t\t\t\t<div class=\"elementor-element elementor-element-7184bba animation_type_block sc_fly_static elementor-widget elementor-widget-text-editor\" data-id=\"7184bba\" data-element_type=\"widget\" data-widget_type=\"text-editor.default\">\n\t\t\t\t<div class=\"elementor-widget-container\">\n\t\t\t\t\t\t\t\t<div class=\"elementor-text-editor elementor-clearfix\">\n\t\t\t\t<div data-pm-slice=\"1 1 []\" data-en-clipboard=\"true\"><div data-pm-slice=\"1 1 []\" data-en-clipboard=\"true\">Jinro Chamisul Fresh is the number one selling brand not only in Korea but also worldwide (in the distilled spirits category). It is refined 7 times with activated bamboo charcoal to remove hangover-causing substances, leaving only a clean finish.<\/div><\/div><div data-pm-slice=\"1 1 []\" data-en-clipboard=\"true\">\u00a0<\/div><div><div data-pm-slice=\"1 1 []\" data-en-clipboard=\"true\">Alcohol content: 16.9%<\/div><div>Volume : 360ml<\/div><div>Color: Transparent<\/div><div>Flavor : It is similar to vodka and brandy, but it has almost no aroma, it is smooth and clean, and it has a balanced taste of alcohol bitterness and sweet aftertaste.<\/div><\/div>\t\t\t\t\t<\/div>\n\t\t\t\t\t\t<\/div>\n\t\t\t\t<\/div>\n\t\t\t\t<div class=\"elementor-element elementor-element-339057d animation_type_block sc_fly_static elementor-widget elementor-widget-spacer\" data-id=\"339057d\" data-element_type=\"widget\" data-widget_type=\"spacer.default\">\n\t\t\t\t<div class=\"elementor-widget-container\">\n\t\t\t\t\t<div class=\"elementor-spacer\">\n\t\t\t<div class=\"elementor-spacer-inner\"><\/div>\n\t\t<\/div>\n\t\t\t\t<\/div>\n\t\t\t\t<\/div>\n\t\t\t\t\t\t<\/div>\n\t\t\t\t\t<\/div>\n\t\t<\/div>\n\t\t\t\t\t\t\t\t<\/div>\n\t\t\t\t\t<\/div>\n\t\t<\/section>\n\t\t\t\t<section class=\"elementor-section elementor-top-section elementor-element elementor-element-9dc8cf1 elementor-section-boxed elementor-section-height-default elementor-section-height-default sc_fly_static\" data-id=\"9dc8cf1\" data-element_type=\"section\">\n\t\t\t\t\t\t<div class=\"elementor-container elementor-column-gap-extended\">\n\t\t\t\t\t\t\t<div class=\"elementor-row\">\n\t\t\t\t\t<div class=\"elementor-column elementor-col-100 elementor-top-column elementor-element elementor-element-31a88a4 sc_inner_width_none sc_content_align_inherit sc_layouts_column_icons_position_left sc_fly_static\" data-id=\"31a88a4\" data-element_type=\"column\">\n\t\t\t<div class=\"elementor-column-wrap\">\n\t\t\t\t\t\t\t<div class=\"elementor-widget-wrap\">\n\t\t\t\t\t\t\t\t<\/div>\n\t\t\t\t\t<\/div>\n\t\t<\/div>\n\t\t\t\t\t\t\t\t<\/div>\n\t\t\t\t\t<\/div>\n\t\t<\/section>\n\t\t\t\t\t\t\t\t\t<\/div>\n\t\t\t<\/div>\n\t\t\t\t\t<\/div>","protected":false},"excerpt":{"rendered":"<p>Licor COREANO SOJU Chamisul Descripci\u00f3n Jinro Chamisul Fresh es la marca n\u00famero uno en ventas no solo en Corea sino tambi\u00e9n en todo el mundo (en la categor\u00eda bebida alcoh\u00f3lica destilada). Se refina 7 veces con carb\u00f3n activo de bamb\u00fa para eliminar las sustancias que provocan la resaca, dejando solo un acabado limpio.\u00a0Grado de alcohol&hellip;<\/p>","protected":false},"author":4,"featured_media":0,"parent":0,"menu_order":0,"comment_status":"closed","ping_status":"closed","template":"","meta":{"footnotes":""},"class_list":["post-6291","page","type-page","status-publish","hentry"],"_links":{"self":[{"href":"https:\/\/linobrewing.com\/en\/wp-json\/wp\/v2\/pages\/6291","targetHints":{"allow":["GET"]}}],"collection":[{"href":"https:\/\/linobrewing.com\/en\/wp-json\/wp\/v2\/pages"}],"about":[{"href":"https:\/\/linobrewing.com\/en\/wp-json\/wp\/v2\/types\/page"}],"author":[{"embeddable":true,"href":"https:\/\/linobrewing.com\/en\/wp-json\/wp\/v2\/users\/4"}],"replies":[{"embeddable":true,"href":"https:\/\/linobrewing.com\/en\/wp-json\/wp\/v2\/comments?post=6291"}],"version-history":[{"count":7,"href":"https:\/\/linobrewing.com\/en\/wp-json\/wp\/v2\/pages\/6291\/revisions"}],"predecessor-version":[{"id":6321,"href":"https:\/\/linobrewing.com\/en\/wp-json\/wp\/v2\/pages\/6291\/revisions\/6321"}],"wp:attachment":[{"href":"https:\/\/linobrewing.com\/en\/wp-json\/wp\/v2\/media?parent=6291"}],"curies":[{"name":"wp","href":"https:\/\/api.w.org\/{rel}","templated":true}]}}